{"id":49,"date":"2023-03-11T05:29:38","date_gmt":"2023-03-11T05:29:38","guid":{"rendered":"https:\/\/wphix.com\/wp\/kleaso\/?page_id=49"},"modified":"2024-06-03T09:40:50","modified_gmt":"2024-06-03T09:40:50","slug":"service","status":"publish","type":"page","link":"http:\/\/fair4all.ch\/de\/service\/","title":{"rendered":"Dienstleistungen"},"content":{"rendered":"<div data-elementor-type=\"wp-page\" data-elementor-id=\"49\" class=\"elementor elementor-49\">\n\t\t\t\t\t\t<section class=\"elementor-section elementor-top-section elementor-element elementor-element-1dfc9de elementor-section-full_width elementor-section-height-default elementor-section-height-default\" data-id=\"1dfc9de\" data-element_type=\"section\">\n\t\t\t\t\t\t<div class=\"elementor-container elementor-column-gap-no\">\n\t\t\t\t\t<div class=\"elementor-column elementor-col-100 elementor-top-column elementor-element elementor-element-c7ec5ec\" data-id=\"c7ec5ec\" data-element_type=\"column\">\n\t\t\t<div class=\"elementor-widget-wrap elementor-element-populated\">\n\t\t\t\t\t\t<div class=\"elementor-element elementor-element-92bdf89 elementor-widget elementor-widget-services\" data-id=\"92bdf89\" data-element_type=\"widget\" data-widget_type=\"services.default\">\n\t\t\t\t<div class=\"elementor-widget-container\">\n\t\t\t\t\t\r\n\r\n<!-- our service area start -->\r\n<section id=\"serviceBubble\" class=\"tp-service-3-area tp-service-3-overlay pt-120 pb-225 p-relative\">\r\n\r\n        <div class=\"tp-service-3-shape\">\r\n        <div class=\"shape-1 d-none d-md-block\">\r\n            <img decoding=\"async\" src=\"http:\/\/fair4all.ch\/wp-content\/themes\/kleaso\/assets\/img\/services\/home-3\/shape-1.png\"\r\n                alt=\"Fair4all\">\r\n        <\/div>\r\n        <div class=\"shape-2\">\r\n            <img decoding=\"async\" src=\"http:\/\/fair4all.ch\/wp-content\/themes\/kleaso\/assets\/img\/services\/home-3\/shape-2.png\"\r\n                alt=\"Fair4all\">\r\n        <\/div>\r\n        <div class=\"shape-3 d-none d-lg-block\">\r\n            <img decoding=\"async\" class=\"mousemove__image\"\r\n                src=\"http:\/\/fair4all.ch\/wp-content\/themes\/kleaso\/assets\/img\/services\/home-3\/bubble-1.png\"\r\n                alt=\"Fair4all\">\r\n        <\/div>\r\n    <\/div>\r\n    \r\n    <div class=\"container\">\r\n        <div class=\"row\">\r\n            <div class=\"col-xl-12\">\r\n                <div class=\"tp-service-2-wrapper text-center mb-70\">\r\n\r\n                    <div class=\"tp-inner-pre\">\r\n                                                <span>\r\n                                                        <img decoding=\"async\" src=\"http:\/\/fair4all.ch\/wp-content\/plugins\/elementor\/assets\/images\/placeholder.png\"\r\n                                alt=\"\">\r\n                                                    <\/span>\r\n                                            <\/div>\r\n\r\n                                        <span class=\"tp-section__title-pre-2 tp-el-subtitle\">\r\n                        alle unsere Dienstleistungen                    <\/span>\r\n                    \r\n                    <h2 class=\"tp-section__title tp-el-title\">was wir anbieten<\/h2>                                    <\/div>\r\n            <\/div>\r\n        <\/div>\r\n        <div class=\"row align-items-center\">\r\n\r\n                        <div class=\"col-xl-3 col-lg-3 col-md-6 col-12\">\r\n                <div class=\"tp-service-3-item text-center p-relative mb-30 wow fadeInUp\" data-wow-duration=\"1s\"\r\n                    data-wow-delay=\".3s\">\r\n\r\n                                        <div class=\"tp-service-3-thumb\">\r\n                        <img decoding=\"async\" src=\"https:\/\/fair4all.ch\/wp-content\/uploads\/2023\/04\/img-2-4.jpg\"\r\n                            alt=\"\">\r\n                    <\/div>\r\n                    \r\n                    <div class=\"tp-service-3-inner\">\r\n\r\n                                                <h3 class=\"tp-service-title tp-el-box-title\">\r\n                                                        <a\r\n                                href=\"\/de\/services\/business-cleaning\/\">Gesch\u00e4ftliche Reinigung<\/a>\r\n                                                    <\/h3>\r\n                        \r\n                                                <p class=\"tp-el-box-desc\">Unsere Geb\u00e4udereinigungsdienste umfassen die Aufrechterhaltung von Sauberkeit und Hygiene in verschiedenen Gesch\u00e4ftsr\u00e4umen.<\/p>\r\n                        \r\n\r\n                                                <div class=\"tp-service-2-btn\">\r\n                            <a target=\"\" rel=\"\"\r\n                                href=\"\/de\/services\/business-cleaning\/\">Mehr lesen                                <i class=\"fa-regular fa-arrow-right-long\"><\/i><\/a>\r\n                        <\/div>\r\n                        \r\n                    <\/div>\r\n                <\/div>\r\n            <\/div>\r\n                        <div class=\"col-xl-3 col-lg-3 col-md-6 col-12\">\r\n                <div class=\"tp-service-3-item text-center p-relative mb-30 wow fadeInUp\" data-wow-duration=\"1s\"\r\n                    data-wow-delay=\".3s\">\r\n\r\n                                        <div class=\"tp-service-3-thumb\">\r\n                        <img decoding=\"async\" src=\"https:\/\/fair4all.ch\/wp-content\/uploads\/2023\/04\/img-1-5.jpg\"\r\n                            alt=\"\">\r\n                    <\/div>\r\n                    \r\n                    <div class=\"tp-service-3-inner\">\r\n\r\n                                                <h3 class=\"tp-service-title tp-el-box-title\">\r\n                                                        <a\r\n                                href=\"\/de\/services\/regular-house-cleaning\/\">Regelm\u00e4\u00dfige Hausreinigung<\/a>\r\n                                                    <\/h3>\r\n                        \r\n                                                <p class=\"tp-el-box-desc\">Verbessern Sie die Sauberkeit Ihres Zuhauses mit unseren umfassenden Reinigungsdiensten.<\/p>\r\n                        \r\n\r\n                                                <div class=\"tp-service-2-btn\">\r\n                            <a target=\"\" rel=\"\"\r\n                                href=\"\/de\/services\/regular-house-cleaning\/\">Mehr lesen                                <i class=\"fa-regular fa-arrow-right-long\"><\/i><\/a>\r\n                        <\/div>\r\n                        \r\n                    <\/div>\r\n                <\/div>\r\n            <\/div>\r\n                        <div class=\"col-xl-3 col-lg-3 col-md-6 col-12\">\r\n                <div class=\"tp-service-3-item text-center p-relative mb-30 wow fadeInUp\" data-wow-duration=\"1s\"\r\n                    data-wow-delay=\".3s\">\r\n\r\n                                        <div class=\"tp-service-3-thumb\">\r\n                        <img decoding=\"async\" src=\"https:\/\/fair4all.ch\/wp-content\/uploads\/2023\/04\/img-4-1.jpg\"\r\n                            alt=\"\">\r\n                    <\/div>\r\n                    \r\n                    <div class=\"tp-service-3-inner\">\r\n\r\n                                                <h3 class=\"tp-service-title tp-el-box-title\">\r\n                                                        <a\r\n                                href=\"\/de\/services\/end-of-tenancy-cleaning\/\">Endreinigung<\/a>\r\n                                                    <\/h3>\r\n                        \r\n                                                <p class=\"tp-el-box-desc\">Bei Fair4all wird unser Reinigungsprotokoll f\u00fcr die Beendigung von Mietverh\u00e4ltnissen sorgf\u00e4ltig ausgearbeitet, um die Erwartungen zu \u00fcbertreffen.<\/p>\r\n                        \r\n\r\n                                                <div class=\"tp-service-2-btn\">\r\n                            <a target=\"\" rel=\"\"\r\n                                href=\"\/de\/services\/end-of-tenancy-cleaning\/\">Mehr lesen                                <i class=\"fa-regular fa-arrow-right-long\"><\/i><\/a>\r\n                        <\/div>\r\n                        \r\n                    <\/div>\r\n                <\/div>\r\n            <\/div>\r\n            \r\n            \r\n        <\/div>\r\n    <\/div>\r\n<\/section>\r\n<!-- our service area end -->\r\n\r\n\r\n\t\t\t\t<\/div>\n\t\t\t\t<\/div>\n\t\t\t\t\t<\/div>\n\t\t<\/div>\n\t\t\t\t\t<\/div>\n\t\t<\/section>\n\t\t\t\t<section class=\"elementor-section elementor-top-section elementor-element elementor-element-611166a elementor-section-full_width elementor-hidden-desktop elementor-hidden-tablet elementor-hidden-mobile elementor-section-height-default elementor-section-height-default\" data-id=\"611166a\" data-element_type=\"section\">\n\t\t\t\t\t\t<div class=\"elementor-container elementor-column-gap-no\">\n\t\t\t\t\t<div class=\"elementor-column elementor-col-100 elementor-top-column elementor-element elementor-element-cb30710\" data-id=\"cb30710\" data-element_type=\"column\">\n\t\t\t<div class=\"elementor-widget-wrap elementor-element-populated\">\n\t\t\t\t\t\t<div class=\"elementor-element elementor-element-33276b3 elementor-widget elementor-widget-tp-fact\" data-id=\"33276b3\" data-element_type=\"widget\" data-widget_type=\"tp-fact.default\">\n\t\t\t\t<div class=\"elementor-widget-container\">\n\t\t\t\t\t\r\n\r\n\r\n    <section class=\"tp-counter-2-area p-relative\">\r\n        <div class=\"container\">\r\n            <div class=\"tp-counter-2-wrapper p-relative wow fadeInDown\" data-wow-duration=\"1s\"\r\n            data-wow-delay=\".3s\">\r\n                                <div class=\"tp-counter-2-shape\">\r\n                    <div class=\"shape-1 d-none d-lg-block\">\r\n                    <img decoding=\"async\" src=\"http:\/\/fair4all.ch\/wp-content\/themes\/kleaso\/assets\/img\/counter\/bubble-1.png\" alt=\"\">\r\n                    <\/div>\r\n                    <div class=\"shape-2 d-none d-lg-block\">\r\n                    <img decoding=\"async\" src=\"http:\/\/fair4all.ch\/wp-content\/themes\/kleaso\/assets\/img\/counter\/bubble-2.png\" alt=\"\">\r\n                    <\/div>\r\n                    <div class=\"shape-3 d-none d-lg-block\">\r\n                    <img decoding=\"async\" src=\"http:\/\/fair4all.ch\/wp-content\/themes\/kleaso\/assets\/img\/counter\/bubble-3.png\" alt=\"\">\r\n                    <\/div>\r\n                <\/div>\r\n                                <div class=\"row\">\r\n\r\n                                        <div class=\"col-12 col-sm-6 col-md-6 col-lg-3\">\r\n                        <div class=\"tp-counter-2-inner p-relative mb-30\">\r\n                                                                                    <div class=\"tp-counter-thumb\">\r\n                                <i aria-hidden=\"true\" class=\"tp flaticon-clean\"><\/i>                            <\/div>\r\n                                                                                    <div class=\"tp-counter-content\">\r\n                                                                                                <p>Zufriedene Kunden<\/p>\r\n                                                            <\/div>\r\n                                                    <\/div>\r\n                    <\/div>\r\n                                        <div class=\"col-12 col-sm-6 col-md-6 col-lg-3\">\r\n                        <div class=\"tp-counter-2-inner p-relative mb-30\">\r\n                                                                                    <div class=\"tp-counter-thumb\">\r\n                                <i aria-hidden=\"true\" class=\"tp flaticon-cleaning-lady\"><\/i>                            <\/div>\r\n                                                                                    <div class=\"tp-counter-content\">\r\n                                                                                                <p>Team Members<\/p>\r\n                                                            <\/div>\r\n                                                    <\/div>\r\n                    <\/div>\r\n                                        <div class=\"col-12 col-sm-6 col-md-6 col-lg-3\">\r\n                        <div class=\"tp-counter-2-inner p-relative mb-30\">\r\n                                                                                    <div class=\"tp-counter-thumb\">\r\n                                <i aria-hidden=\"true\" class=\"tp flaticon-medal\"><\/i>                            <\/div>\r\n                                                                                    <div class=\"tp-counter-content\">\r\n                                                                                                <p>Auswirkung auf die Gemeinschaft (in Stunden)<\/p>\r\n                                                            <\/div>\r\n                                                    <\/div>\r\n                    <\/div>\r\n                                        <div class=\"col-12 col-sm-6 col-md-6 col-lg-3\">\r\n                        <div class=\"tp-counter-2-inner p-relative mb-30\">\r\n                                                                                    <div class=\"tp-counter-thumb\">\r\n                                <i aria-hidden=\"true\" class=\"tp flaticon-thumbs-up\"><\/i>                            <\/div>\r\n                                                                                    <div class=\"tp-counter-content\">\r\n                                                                                                <p>Orte Gereinigte<\/p>\r\n                                                            <\/div>\r\n                                                    <\/div>\r\n                    <\/div>\r\n                    \r\n                <\/div>\r\n            <\/div>\r\n        <\/div>\r\n    <\/section>\r\n\r\n\r\n\r\n\t\t\t\t<\/div>\n\t\t\t\t<\/div>\n\t\t\t\t\t<\/div>\n\t\t<\/div>\n\t\t\t\t\t<\/div>\n\t\t<\/section>\n\t\t\t\t<section class=\"elementor-section elementor-top-section elementor-element elementor-element-22421d6 elementor-section-full_width elementor-section-height-default elementor-section-height-default\" data-id=\"22421d6\" data-element_type=\"section\">\n\t\t\t\t\t\t<div class=\"elementor-container elementor-column-gap-no\">\n\t\t\t\t\t<div class=\"elementor-column elementor-col-100 elementor-top-column elementor-element elementor-element-a9d6605\" data-id=\"a9d6605\" data-element_type=\"column\">\n\t\t\t<div class=\"elementor-widget-wrap elementor-element-populated\">\n\t\t\t\t\t\t<div class=\"elementor-element elementor-element-ab08024 free-quote elementor-widget elementor-widget-tp-testimonial\" data-id=\"ab08024\" data-element_type=\"widget\" data-widget_type=\"tp-testimonial.default\">\n\t\t\t\t<div class=\"elementor-widget-container\">\n\t\t\t\t\t\r\n<!--\ttestimonial style 2 -->\r\n\r\n<section id=\"testimonialBubble\" class=\"tp-testimonial-3-area p-relative pt-120\" data-background=\"https:\/\/fair4all.ch\/wp-content\/uploads\/2023\/04\/img-1-10.jpg\">\r\n    <div class=\"tp-testimonial-3-overlay\"><\/div>\r\n\r\n        <div class=\"tp-testimonial-3-shape d-none d-md-block\">\r\n        <img decoding=\"async\" class=\"shape-1\" src=\"http:\/\/fair4all.ch\/wp-content\/themes\/kleaso\/assets\/img\/testimonial\/home-3\/bubble-1.png\" alt=\"\">\r\n        <img decoding=\"async\" class=\"mousemove__image shape-2\" src=\"http:\/\/fair4all.ch\/wp-content\/themes\/kleaso\/assets\/img\/testimonial\/home-3\/bubble-2.png\" alt=\"\">\r\n    <\/div>\r\n        <div class=\"container\">\r\n        <div class=\"row\">\r\n            <div class=\"col-lg-6\">\r\n                <div class=\"tp-testimonial-2-section-title-wrapper text-center\">\r\n\r\n                                                            <div class=\"tp-inner-pre\">\r\n                        <span><i aria-hidden=\"true\" class=\"tp flaticon-mop\"><\/i><\/span>\r\n                    <\/div>\r\n                                        \r\n                                                            <h2 class=\"tp-section__title mb-50\">UNSER LIEBER KUNDE<\/h2>                                                            \r\n                <\/div>\r\n                <div class=\"testimonial-active-3 splide wow fadeInLeft\" data-wow-duration=\"1s\" data-wow-delay=\".3s\">\r\n                    <div class=\"splide__arrows splide__arrows--ltr tp-btn-effect\">\r\n                        <button class=\"splide__arrow splide__arrow--prev\">\r\n                            <i class=\"fa-light fa-arrow-left\"><\/i>\r\n                        <\/button>\r\n                        <button class=\"splide__arrow splide__arrow--next\">\r\n                            <i class=\"fa-light fa-arrow-right\"><\/i>\r\n                        <\/button>\r\n                    <\/div>\r\n                    <div class=\"splide__track\">\r\n                        <div class=\"splide__list\">\r\n\r\n                                                        <div class=\"splide__slide\">\r\n                                <div class=\"tp-testimonial-2-wrapper\">\r\n                                    <div class=\"tp-testimonial-2-shape\">\r\n                                        <img decoding=\"async\" src=\"http:\/\/fair4all.ch\/wp-content\/themes\/kleaso\/assets\/img\/testimonial\/home-2\/shape.png\" alt=\"\">\r\n                                    <\/div>\r\n                                                                        <p>\"Sehr zuverl\u00e4ssig, freundlich und fair im Preis, war rundum zufrieden. Werde sicher wieder darauf zur\u00fcck kommen wen ich wieder eine Endreinigung brauche!\"<\/p>\r\n                                                                                                            <h3 class=\"tp-testimonial-title\">Nathalie B\u00f6gli<\/h3>\r\n                                                                                                            <span>Small Business Owner<\/span>\r\n                                                                    <\/div>\r\n                            <\/div>\r\n                                                        <div class=\"splide__slide\">\r\n                                <div class=\"tp-testimonial-2-wrapper\">\r\n                                    <div class=\"tp-testimonial-2-shape\">\r\n                                        <img decoding=\"async\" src=\"http:\/\/fair4all.ch\/wp-content\/themes\/kleaso\/assets\/img\/testimonial\/home-2\/shape.png\" alt=\"\">\r\n                                    <\/div>\r\n                                                                        <p>\"Sehr unkomplizierter und professioneller Service \u2013 das Resultat war einwandfrei. Preise sind sehr fair, w\u00fcrde ich jederzeit wieder f\u00fcr eine Reinigung beauftragen.\"<\/p>\r\n                                                                                                            <h3 class=\"tp-testimonial-title\">Cyril Schaub<\/h3>\r\n                                                                                                            <span>Air BNB Manager<\/span>\r\n                                                                    <\/div>\r\n                            <\/div>\r\n                                                        <div class=\"splide__slide\">\r\n                                <div class=\"tp-testimonial-2-wrapper\">\r\n                                    <div class=\"tp-testimonial-2-shape\">\r\n                                        <img decoding=\"async\" src=\"http:\/\/fair4all.ch\/wp-content\/themes\/kleaso\/assets\/img\/testimonial\/home-2\/shape.png\" alt=\"\">\r\n                                    <\/div>\r\n                                                                        <p>\"Absolut seri\u00f6se, faire und saubere Reinigungsfirma.\nKann ich nur empfehlen, ob f\u00fcr Privat- oder Gesch\u00e4ftsr\u00e4ume.\"<\/p>\r\n                                                                                                            <h3 class=\"tp-testimonial-title\">Florian Noll<\/h3>\r\n                                                                                                            <span>House Owner<\/span>\r\n                                                                    <\/div>\r\n                            <\/div>\r\n                            \r\n                        <\/div>\r\n                    <\/div>\r\n                <\/div>\r\n            <\/div>\r\n            <div class=\"col-lg-6\">\r\n                <div class=\"tp-testimonial-3-from p-relative wow fadeInRight\" data-wow-duration=\"1s\"\r\n                    data-wow-delay=\".3s\" data-background=\"http:\/\/fair4all.ch\/wp-content\/themes\/kleaso\/assets\/img\/brand\/home-2\/form-img.jpg\" >\r\n                    <div class=\"tp-brands-from-overlay\"><\/div>\r\n                                        <span class=\"tp-section__title-pre\">R\u00c4UME VERWANDELN<\/span>\r\n                                                            <h3 class=\"tp-brands-title\">ERHALTEN SIE NOCH HEUTE IHREN KOSTENLOSEN KOSTENVORANSCHLAG!<\/h3>\r\n                    \r\n                                            \n<div class=\"wpcf7 no-js\" id=\"wpcf7-f674-o1\" lang=\"en-US\" dir=\"ltr\" data-wpcf7-id=\"674\">\n<div class=\"screen-reader-response\"><p role=\"status\" aria-live=\"polite\" aria-atomic=\"true\"><\/p> <ul><\/ul><\/div>\n<form action=\"\/de\/wp-json\/wp\/v2\/pages\/49#wpcf7-f674-o1\" method=\"post\" class=\"wpcf7-form init\" aria-label=\"Contact form\" novalidate=\"novalidate\" data-status=\"init\" data-trp-original-action=\"\/de\/wp-json\/wp\/v2\/pages\/49#wpcf7-f674-o1\">\n<fieldset class=\"hidden-fields-container\"><input type=\"hidden\" name=\"_wpcf7\" value=\"674\" \/><input type=\"hidden\" name=\"_wpcf7_version\" value=\"6.1.4\" \/><input type=\"hidden\" name=\"_wpcf7_locale\" value=\"en_US\" \/><input type=\"hidden\" name=\"_wpcf7_unit_tag\" value=\"wpcf7-f674-o1\" \/><input type=\"hidden\" name=\"_wpcf7_container_post\" value=\"0\" \/><input type=\"hidden\" name=\"_wpcf7_posted_data_hash\" value=\"\" \/><input type=\"hidden\" name=\"_wpcf7_recaptcha_response\" value=\"\" \/>\n<\/fieldset>\n<div class=\"tp-brands-from-input\">\n   <span class=\"wpcf7-form-control-wrap\" data-name=\"text-211\"><input size=\"40\" maxlength=\"400\" class=\"wpcf7-form-control wpcf7-text\" aria-invalid=\"false\" placeholder=\"Vollst\u00e4ndiger Name:\" value=\"\" type=\"text\" name=\"text-211\" \/><\/span>\n<\/div>\n<div class=\"tp-brands-from-input\">\n   <span class=\"wpcf7-form-control-wrap\" data-name=\"email-844\"><input size=\"40\" maxlength=\"400\" class=\"wpcf7-form-control wpcf7-email wpcf7-text wpcf7-validates-as-email\" aria-invalid=\"false\" placeholder=\"E-Mail Adresse:\" value=\"\" type=\"email\" name=\"email-844\" \/><\/span>\n<\/div>\n<div class=\"tp-brands-from-input\">\n   <span class=\"wpcf7-form-control-wrap\" data-name=\"menu-929\"><select class=\"wpcf7-form-control wpcf7-select wpcf7-validates-as-required\" aria-required=\"true\" aria-invalid=\"false\" name=\"menu-929\"><option value=\"Select Service\">Dienstleistung ausw\u00e4hlen<\/option><option value=\"Business Cleaning\">Gesch\u00e4ftliche Reinigung<\/option><option value=\"Regular House Cleaning\">Regelm\u00e4\u00dfige Hausreinigung<\/option><option value=\"End-of-Tenancy Cleaning\">Endreinigung<\/option><\/select><\/span>\n<\/div>\n<div class=\"tp-brands-from-input\">\n   <span class=\"wpcf7-form-control-wrap\" data-name=\"textarea-172\"><textarea cols=\"40\" rows=\"10\" maxlength=\"2000\" class=\"wpcf7-form-control wpcf7-textarea\" aria-invalid=\"false\" placeholder=\"Nachricht\" name=\"textarea-172\"><\/textarea><\/span>\n<\/div>\n<button class=\"tp-btn\">Jetzt einreichen <i class=\"fa-regular fa-arrow-right-long\"><\/i><\/button><div class=\"wpcf7-response-output\" aria-hidden=\"true\"><\/div>\n<input type=\"hidden\" name=\"trp-form-language\" value=\"de\"\/><\/form>\n<\/div>\n                    \r\n                <\/div>\r\n            <\/div>\r\n        <\/div>\r\n    <\/div>\r\n<\/section>\r\n\r\n<!-- default style -->\r\n\t\t\t\t<\/div>\n\t\t\t\t<\/div>\n\t\t\t\t\t<\/div>\n\t\t<\/div>\n\t\t\t\t\t<\/div>\n\t\t<\/section>\n\t\t\t\t<\/div>","protected":false},"excerpt":{"rendered":"<p>ALL OUR SERVICES WHAT WE ARE OFFERING Business Cleaning Our business cleaning services encompass the maintenance of cleanliness and hygiene in various commercial spaces. Read More Regular House Cleaning Elevate Your Home\u2019s Cleanliness with Our Comprehensive Cleaning Services. Read More End-of-Tenancy Cleaning At Fair4all, our end-of-tenancy cleaning protocol is meticulously crafted to surpass expectations. Read [&hellip;]<\/p>","protected":false},"author":1,"featured_media":0,"parent":0,"menu_order":0,"comment_status":"closed","ping_status":"closed","template":"elementor_header_footer","meta":{"footnotes":""},"class_list":["post-49","page","type-page","status-publish","hentry"],"acf":[],"_links":{"self":[{"href":"http:\/\/fair4all.ch\/de\/wp-json\/wp\/v2\/pages\/49","targetHints":{"allow":["GET"]}}],"collection":[{"href":"http:\/\/fair4all.ch\/de\/wp-json\/wp\/v2\/pages"}],"about":[{"href":"http:\/\/fair4all.ch\/de\/wp-json\/wp\/v2\/types\/page"}],"author":[{"embeddable":true,"href":"http:\/\/fair4all.ch\/de\/wp-json\/wp\/v2\/users\/1"}],"replies":[{"embeddable":true,"href":"http:\/\/fair4all.ch\/de\/wp-json\/wp\/v2\/comments?post=49"}],"version-history":[{"count":37,"href":"http:\/\/fair4all.ch\/de\/wp-json\/wp\/v2\/pages\/49\/revisions"}],"predecessor-version":[{"id":1633,"href":"http:\/\/fair4all.ch\/de\/wp-json\/wp\/v2\/pages\/49\/revisions\/1633"}],"wp:attachment":[{"href":"http:\/\/fair4all.ch\/de\/wp-json\/wp\/v2\/media?parent=49"}],"curies":[{"name":"wp","href":"https:\/\/api.w.org\/{rel}","templated":true}]}}